{"id":629,"date":"2017-05-01T16:33:41","date_gmt":"2017-05-01T15:33:41","guid":{"rendered":"http:\/\/www.belpom.be\/wp2\/?page_id=629"},"modified":"2023-07-24T16:59:15","modified_gmt":"2023-07-24T15:59:15","slug":"filets","status":"publish","type":"page","link":"https:\/\/belpom.be\/wp2\/filets\/","title":{"rendered":"10-25 kg"},"content":{"rendered":"<div id=\"pl-629\"  class=\"panel-layout\" ><div id=\"pg-629-0\"  class=\"panel-grid panel-has-style\" ><div class=\"siteorigin-panels-stretch panel-row-style panel-row-style-for-629-0\" data-stretch-type=\"full-stretched\" ><div id=\"pgc-629-0-0\"  class=\"panel-grid-cell panel-grid-cell-empty\" ><\/div><div id=\"pgc-629-0-1\"  class=\"panel-grid-cell panel-grid-cell-mobile-last\" ><div id=\"panel-629-0-1-0\" class=\"so-panel widget widget_sow-headline panel-first-child panel-last-child\" data-index=\"0\" ><div\n\t\t\t\n\t\t\tclass=\"so-widget-sow-headline so-widget-sow-headline-default-5202c4c0d691-629 so-widget-fittext-wrapper\"\n\t\t\t data-fit-text-compressor=\"0.85\"\n\t\t><div class=\"sow-headline-container \">\n\t\t\t\t\t\t\t<h3 class=\"sow-sub-headline\">\n\t\t\t\t\t\tUn grand classique : cet emballage \u00e9conomique permet une bonne conservation de la pomme de terre dans un endroit frais, sec et \u00e0 l'abri de la lumi\u00e8re.\t\t\t\t\t\t<\/h3>\n\t\t\t\t\t\t\t\t\t\t\t<div class=\"decoration\">\n\t\t\t\t\t\t<div class=\"decoration-inside\"><\/div>\n\t\t\t\t\t<\/div>\n\t\t\t\t\t<\/div>\n<\/div><\/div><\/div><div id=\"pgc-629-0-2\"  class=\"panel-grid-cell panel-grid-cell-empty\" ><\/div><\/div><\/div><div id=\"pg-629-1\"  class=\"panel-grid panel-has-style\" ><div class=\"siteorigin-panels-stretch panel-row-style panel-row-style-for-629-1\" data-stretch-type=\"full-stretched\" ><div id=\"pgc-629-1-0\"  class=\"panel-grid-cell panel-grid-cell-empty\" ><\/div><div id=\"pgc-629-1-1\"  class=\"panel-grid-cell panel-grid-cell-mobile-last\" ><div id=\"panel-629-1-1-0\" class=\"so-panel widget widget_sow-image panel-first-child\" data-index=\"1\" ><div\n\t\t\t\n\t\t\tclass=\"so-widget-sow-image so-widget-sow-image-default-c67d20f9f743-629\"\n\t\t\t\n\t\t>\n<div class=\"sow-image-container\">\n\t\t<img \n\tsrc=\"https:\/\/belpom.be\/wp2\/wp-content\/uploads\/2017\/05\/Filet-213x300.png\" width=\"213\" height=\"300\" srcset=\"https:\/\/belpom.be\/wp2\/wp-content\/uploads\/2017\/05\/Filet-213x300.png 213w, https:\/\/belpom.be\/wp2\/wp-content\/uploads\/2017\/05\/Filet.png 728w\" sizes=\"(max-width: 213px) 100vw, 213px\" alt=\"\" \t\tclass=\"so-widget-image\"\/>\n\t<\/div>\n\n<\/div><\/div><div id=\"panel-629-1-1-1\" class=\"so-panel widget widget_sow-headline panel-last-child\" data-index=\"2\" ><div\n\t\t\t\n\t\t\tclass=\"so-widget-sow-headline so-widget-sow-headline-default-5202c4c0d691-629 so-widget-fittext-wrapper\"\n\t\t\t data-fit-text-compressor=\"0.85\"\n\t\t><div class=\"sow-headline-container \">\n\t\t\t\t\t\t\t<h1 class=\"sow-headline\">\n\t\t\t\t\t\tFilets\t\t\t\t\t\t<\/h1>\n\t\t\t\t\t\t\t\t\t\t\t\t<h3 class=\"sow-sub-headline\">\n\t\t\t\t\t\t2.5 kg   -   5 kg   -   10 kg   -   25 kg\t\t\t\t\t\t<\/h3>\n\t\t\t\t\t\t\t\t\t\t\t<div class=\"decoration\">\n\t\t\t\t\t\t<div class=\"decoration-inside\"><\/div>\n\t\t\t\t\t<\/div>\n\t\t\t\t\t<\/div>\n<\/div><\/div><\/div><div id=\"pgc-629-1-2\"  class=\"panel-grid-cell panel-grid-cell-empty\" ><\/div><\/div><\/div><\/div>","protected":false},"excerpt":{"rendered":"<p>Un grand classique : cet emballage \u00e9conomique permet une bonne conservation de la pomme de terre dans un endroit frais, sec et \u00e0 l&rsquo;abri de la lumi\u00e8re. Filets 2.5 kg &#8211; 5 kg &#8211; 10 kg &#8211; 25 kg<\/p>\n","protected":false},"author":4,"featured_media":0,"parent":0,"menu_order":3,"comment_status":"closed","ping_status":"closed","template":"","meta":{"footnotes":""},"class_list":["post-629","page","type-page","status-publish","hentry"],"_links":{"self":[{"href":"https:\/\/belpom.be\/wp2\/wp-json\/wp\/v2\/pages\/629","targetHints":{"allow":["GET"]}}],"collection":[{"href":"https:\/\/belpom.be\/wp2\/wp-json\/wp\/v2\/pages"}],"about":[{"href":"https:\/\/belpom.be\/wp2\/wp-json\/wp\/v2\/types\/page"}],"author":[{"embeddable":true,"href":"https:\/\/belpom.be\/wp2\/wp-json\/wp\/v2\/users\/4"}],"replies":[{"embeddable":true,"href":"https:\/\/belpom.be\/wp2\/wp-json\/wp\/v2\/comments?post=629"}],"version-history":[{"count":15,"href":"https:\/\/belpom.be\/wp2\/wp-json\/wp\/v2\/pages\/629\/revisions"}],"predecessor-version":[{"id":1410,"href":"https:\/\/belpom.be\/wp2\/wp-json\/wp\/v2\/pages\/629\/revisions\/1410"}],"wp:attachment":[{"href":"https:\/\/belpom.be\/wp2\/wp-json\/wp\/v2\/media?parent=629"}],"curies":[{"name":"wp","href":"https:\/\/api.w.org\/{rel}","templated":true}]}}