{"id":21,"date":"2017-03-16T18:56:49","date_gmt":"2017-03-16T18:56:49","guid":{"rendered":"http:\/\/www.belpom.be\/wp2\/?page_id=21"},"modified":"2024-12-10T12:00:23","modified_gmt":"2024-12-10T11:00:23","slug":"contact","status":"publish","type":"page","link":"https:\/\/belpom.be\/wp2\/contact\/","title":{"rendered":"Contact"},"content":{"rendered":"<div id=\"pl-21\"  class=\"panel-layout\" ><div id=\"pg-21-0\"  class=\"panel-grid panel-has-style\" ><div class=\"siteorigin-panels-stretch panel-row-style panel-row-style-for-21-0\" data-stretch-type=\"full-width-stretch\" ><div id=\"pgc-21-0-0\"  class=\"panel-grid-cell panel-grid-cell-empty\" ><\/div><div id=\"pgc-21-0-1\"  class=\"panel-grid-cell\" ><div id=\"panel-21-0-1-0\" class=\"so-panel widget widget_sow-editor panel-first-child panel-last-child\" data-index=\"0\" ><div class=\"panel-widget-style panel-widget-style-for-21-0-1-0\" ><div\n\t\t\t\n\t\t\tclass=\"so-widget-sow-editor so-widget-sow-editor-base\"\n\t\t\t\n\t\t>\n<div class=\"siteorigin-widget-tinymce textwidget\">\n\t<p>&nbsp;<\/p>\n<p>&nbsp;<\/p>\n<p><span style=\"font-size: 30px;\">S.R.L. <strong>Bel'Pom<\/strong><\/span><\/p>\n<p style=\"text-align: left;\"><span style=\"font-size: 30px;\">Zoning Industriel de Barchon<\/span><br \/>\n<span style=\"font-size: 20px;\">Rue Pr\u00e9s-Champs 27<\/span><br \/>\n<span style=\"font-size: 20px;\">BE-4671 Barchon<\/span><br \/>\n<span style=\"font-size: 20px;\">BELGIUM<\/span><\/p>\n<p style=\"text-align: left;\"><span style=\"font-size: 20px;\">T\u00e9l\u00e9phone: <a href=\"tel:+32-4387-5094\" target=\"_blank\" rel=\"noopener noreferrer\">+32 (0)4 387 50 94<\/a><\/span>\n<\/p>\n<p style=\"text-align: left;\"><span style=\"font-size: 20px;\"><a href=\"mailto:info@belpom.be\">info@belpom.be<\/a><\/span><\/p>\n<p style=\"text-align: left;\"><span style=\"font-size: 20px;\">T.V.A. BE 0433 008 097<\/span><\/p>\n<\/div>\n<\/div><\/div><\/div><\/div><div id=\"pgc-21-0-2\"  class=\"panel-grid-cell panel-grid-cell-mobile-last\" ><div id=\"panel-21-0-2-0\" class=\"so-panel widget widget_sow-editor panel-first-child panel-last-child\" data-index=\"1\" ><div\n\t\t\t\n\t\t\tclass=\"so-widget-sow-editor so-widget-sow-editor-base\"\n\t\t\t\n\t\t>\n<div class=\"siteorigin-widget-tinymce textwidget\">\n\t<h2><\/h2>\n<h2><\/h2>\n<h2 style=\"text-align: right;\"><strong>Heures d'ouverture :<\/strong><\/h2>\n<p style=\"padding-left: 30px; text-align: right;\"><span style=\"font-size: 20px;\"><span style=\"text-decoration: underline;\">Lundi:<\/span>\u00a0<\/span><span style=\"font-size: 20px;\">8:00 \u00e0 12:30 - 13:00 \u00e0 16:30<\/span><\/p>\n<p style=\"padding-left: 30px; text-align: right;\"><span style=\"font-size: 20px;\"><span style=\"text-decoration: underline;\">Mardi:<\/span>\u00a0<\/span><span style=\"font-size: 20px;\">8:00 \u00e0 12:30 - 13:00 \u00e0 16:30<\/span><\/p>\n<p style=\"padding-left: 30px; text-align: right;\"><span style=\"font-size: 20px;\"><span style=\"text-decoration: underline;\">Mercredi:<\/span> 8:00 \u00e0 12:30 - 13:00 \u00e0 14:30<\/span><\/p>\n<p style=\"padding-left: 30px; text-align: right;\"><span style=\"font-size: 20px;\"><span style=\"text-decoration: underline;\">Jeudi:<\/span>\u00a0<\/span><span style=\"font-size: 20px;\">8:00 \u00e0 12:30 - 13:00 \u00e0 16:30<br \/>\n<\/span><\/p>\n<p style=\"padding-left: 30px; text-align: right;\"><span style=\"font-size: 20px;\"><span style=\"text-decoration: underline;\">Vendredi<\/span>: 8:00 \u00e0 12:30 - 13:00 \u00e0 16:30<br \/>\n<\/span><\/p>\n<p style=\"padding-left: 30px; text-align: right;\"><span style=\"font-size: 20px;\"><span style=\"text-decoration: underline;\">Samedi:<\/span> 9:30 \u00e0 11:00<br \/>\n<\/span><\/p>\n<p style=\"padding-left: 30px; text-align: right;\"><span style=\"font-size: 20px;\"><span style=\"text-decoration: underline;\">Dimanche:<\/span> Ferm\u00e9<\/span><\/p>\n<\/div>\n<\/div><\/div><\/div><div id=\"pgc-21-0-3\"  class=\"panel-grid-cell panel-grid-cell-empty\" ><\/div><\/div><\/div><div id=\"pg-21-1\"  class=\"panel-grid panel-has-style\" ><div class=\"siteorigin-panels-stretch panel-row-style panel-row-style-for-21-1\" data-stretch-type=\"full-width-stretch\" ><div id=\"pgc-21-1-0\"  class=\"panel-grid-cell panel-grid-cell-empty\" ><\/div><div id=\"pgc-21-1-1\"  class=\"panel-grid-cell panel-grid-cell-mobile-last\" ><div id=\"panel-21-1-1-0\" class=\"so-panel widget widget_sow-google-map panel-first-child panel-last-child\" data-index=\"2\" ><div class=\"panel-widget-style panel-widget-style-for-21-1-1-0\" ><div\n\t\t\t\n\t\t\tclass=\"so-widget-sow-google-map so-widget-sow-google-map-default-6b23895f316e-21\"\n\t\t\t\n\t\t>\n<div class=\"sow-google-map-canvas\"\n\tstyle=\"\"\n\tid=\"map-canvas-cc08b2ede2d3685119aa6c9fb474cd12\"\n\tdata-options=\"{&quot;address&quot;:&quot;50.66331479999999, 5.6881574&quot;,&quot;zoom&quot;:15,&quot;mobileZoom&quot;:15,&quot;gestureHandling&quot;:&quot;greedy&quot;,&quot;disableUi&quot;:false,&quot;markerIcon&quot;:false,&quot;markersDraggable&quot;:false,&quot;markerAtCenter&quot;:true,&quot;markerInfoDisplay&quot;:&quot;click&quot;,&quot;markerInfoMultiple&quot;:true,&quot;markerPositions&quot;:false,&quot;mapName&quot;:&quot;Carte personnalis\\u00e9e&quot;,&quot;mapStyles&quot;:[{&quot;featureType&quot;:&quot;landscape.man_made&quot;,&quot;elementType&quot;:&quot;geometry&quot;,&quot;stylers&quot;:[{&quot;visibility&quot;:true},{&quot;color&quot;:&quot;off&quot;}]}],&quot;directions&quot;:&quot;&quot;,&quot;apiKey&quot;:&quot;AIzaSyCzzW--UhnbsHmicU_qyBqlyJ88gFrLhNQ&quot;,&quot;breakpoint&quot;:780}\"\n\tdata-fallback-image=\"{&quot;img&quot;:&quot;&quot;}\"><\/div>\n<\/div><\/div><\/div><\/div><div id=\"pgc-21-1-2\"  class=\"panel-grid-cell panel-grid-cell-empty\" ><\/div><\/div><\/div><\/div>","protected":false},"excerpt":{"rendered":"<p>&nbsp; &nbsp; S.R.L. Bel&rsquo;Pom Zoning Industriel de Barchon Rue Pr\u00e9s-Champs 27 BE-4671 Barchon BELGIUM T\u00e9l\u00e9phone: +32 (0)4 387 50 94 info@belpom.be T.V.A. BE 0433 008 097 Heures d&rsquo;ouverture : Lundi:\u00a08:00 \u00e0 12:30 &#8211; 13:00 \u00e0 16:30 Mardi:\u00a08:00 \u00e0 12:30 &#8211; 13:00 \u00e0 16:30 Mercredi: 8:00 \u00e0 12:30 &#8211; 13:00 \u00e0 14:30 Jeudi:\u00a08:00 \u00e0 12:30 &#8211; &hellip; <\/p>\n<p class=\"link-more\"><a href=\"https:\/\/belpom.be\/wp2\/contact\/\" class=\"more-link\">Continuer la lecture<span class=\"screen-reader-text\"> de &laquo;&nbsp;Contact&nbsp;&raquo;<\/span><\/a><\/p>\n","protected":false},"author":4,"featured_media":0,"parent":0,"menu_order":0,"comment_status":"closed","ping_status":"closed","template":"","meta":{"footnotes":""},"class_list":["post-21","page","type-page","status-publish","hentry"],"_links":{"self":[{"href":"https:\/\/belpom.be\/wp2\/wp-json\/wp\/v2\/pages\/21","targetHints":{"allow":["GET"]}}],"collection":[{"href":"https:\/\/belpom.be\/wp2\/wp-json\/wp\/v2\/pages"}],"about":[{"href":"https:\/\/belpom.be\/wp2\/wp-json\/wp\/v2\/types\/page"}],"author":[{"embeddable":true,"href":"https:\/\/belpom.be\/wp2\/wp-json\/wp\/v2\/users\/4"}],"replies":[{"embeddable":true,"href":"https:\/\/belpom.be\/wp2\/wp-json\/wp\/v2\/comments?post=21"}],"version-history":[{"count":60,"href":"https:\/\/belpom.be\/wp2\/wp-json\/wp\/v2\/pages\/21\/revisions"}],"predecessor-version":[{"id":1516,"href":"https:\/\/belpom.be\/wp2\/wp-json\/wp\/v2\/pages\/21\/revisions\/1516"}],"wp:attachment":[{"href":"https:\/\/belpom.be\/wp2\/wp-json\/wp\/v2\/media?parent=21"}],"curies":[{"name":"wp","href":"https:\/\/api.w.org\/{rel}","templated":true}]}}