{"id":12,"date":"2017-03-16T18:55:43","date_gmt":"2017-03-16T18:55:43","guid":{"rendered":"http:\/\/www.belpom.be\/wp2\/?page_id=12"},"modified":"2024-12-10T11:56:44","modified_gmt":"2024-12-10T10:56:44","slug":"belpom","status":"publish","type":"page","link":"https:\/\/belpom.be\/wp2\/belpom\/","title":{"rendered":"Qui sommes-nous?"},"content":{"rendered":"<div id=\"pl-12\"  class=\"panel-layout\" ><div id=\"pg-12-0\"  class=\"panel-grid panel-has-style\" ><div class=\"siteorigin-panels-stretch panel-row-style panel-row-style-for-12-0\" data-stretch-type=\"full-width-stretch\" ><div id=\"pgc-12-0-0\"  class=\"panel-grid-cell panel-grid-cell-empty\" ><\/div><div id=\"pgc-12-0-1\"  class=\"panel-grid-cell panel-grid-cell-mobile-last\" ><div id=\"panel-12-0-1-0\" class=\"so-panel widget widget_sow-headline panel-first-child\" data-index=\"0\" ><div class=\"panel-widget-style panel-widget-style-for-12-0-1-0\" ><div\n\t\t\t\n\t\t\tclass=\"so-widget-sow-headline so-widget-sow-headline-default-1262cfd34e4e-12 so-widget-fittext-wrapper\"\n\t\t\t data-fit-text-compressor=\"0.85\"\n\t\t><div class=\"sow-headline-container \">\n\t\t\t\t\t\t<div class=\"decoration\">\n\t\t\t\t\t\t<div class=\"decoration-inside\"><\/div>\n\t\t\t\t\t<\/div>\n\t\t\t\t\t\t\t\t\t\t\t<h1 class=\"sow-headline\">\n\t\t\t\t\t\tSoci\u00e9t\u00e9\t\t\t\t\t\t<\/h1>\n\t\t\t\t\t\t<\/div>\n<\/div><\/div><\/div><div id=\"panel-12-0-1-1\" class=\"so-panel widget widget_sow-editor\" data-index=\"1\" ><div class=\"panel-widget-style panel-widget-style-for-12-0-1-1\" ><div\n\t\t\t\n\t\t\tclass=\"so-widget-sow-editor so-widget-sow-editor-base\"\n\t\t\t\n\t\t>\n<div class=\"siteorigin-widget-tinymce textwidget\">\n\t<h4 style=\"text-align: justify;\"><span style=\"color: #ffffff;\">Install\u00e9e \u00e0 Barchon sur les hauteurs de Li\u00e8ge, notre soci\u00e9t\u00e9 et sa filiale Bel\u2019trans occupent une quinzaine de salari\u00e9s. L\u2019ensemble de nos activit\u00e9s concernent l\u2019achat, le conditionnement et la revente de pommes de terre, en Belgique et en Europe.<\/span><\/h4>\n<h4 style=\"text-align: justify;\"><span style=\"color: #ffffff;\">Bel\u2019Pom est une entreprise familiale qui, au fil des ann\u00e9es, a contribu\u00e9 de mani\u00e8re implicite \u00e0 l\u2019\u00e9volution et \u00e0 la transformation du march\u00e9 de la pomme de terre, produit de base de notre alimentation. Proposer un produit de qualit\u00e9 et aux go\u00fbts du jour est une d\u00e9marche que nous poursuivons pour satisfaire aux mieux nos clients et les consommateurs. Dans ce contexte, nous avons diversifi\u00e9 \u00e0 la fois nos activit\u00e9s et les vari\u00e9t\u00e9s de pommes de terre que nous conditionnons ; nous proposons aussi des produits transform\u00e9s, \u00e9pluch\u00e9s crus, pr\u00e9cuits, ou encore pasteuris\u00e9s.<\/span><\/h4>\n<h4 style=\"text-align: justify;\"><span style=\"color: #ffffff;\">En tant que n\u00e9gociant li\u00e9geois, nous sommes membres de la Fili\u00e8re wallonne de la pomme de terre  (FIWAP \u2013 <a style=\"color: #ffffff;\" href=\"http:\/\/www.fiwap.be\/\" target=\"_blank\" rel=\"noopener noreferrer\">www.fiwap.be<\/a>) qui informe, repr\u00e9sente et d\u00e9fend les int\u00e9r\u00eats des professionnels du secteur. Nous sommes \u00e9galement membres de la f\u00e9d\u00e9ration nationale du secteur, Belgapom (<a style=\"color: #ffffff;\" href=\"http:\/\/www.belgapom.be\/\" target=\"_blank\" rel=\"noopener noreferrer\">www.belgapom.be<\/a>).<\/span><\/h4>\n<\/div>\n<\/div><\/div><\/div><div id=\"panel-12-0-1-2\" class=\"so-panel widget widget_sow-image-grid panel-last-child\" data-index=\"2\" ><div\n\t\t\t\n\t\t\tclass=\"so-widget-sow-image-grid so-widget-sow-image-grid-default-3fbf13dff59f-12\"\n\t\t\t\n\t\t>\t<div\n\t\tclass=\"sow-image-grid-wrapper\"\n\t\t\t\t\t>\n\t\t\t\t\t<div class=\"sow-image-grid-image\">\n\t\t\t\t\t\t\t\t\t\t\t\t<img loading=\"lazy\" decoding=\"async\" width=\"272\" height=\"182\" src=\"https:\/\/belpom.be\/wp2\/wp-content\/uploads\/2017\/03\/camion-272x182.png\" class=\"sow-image-grid-image_html\" alt=\"\" title=\"\" sizes=\"auto, 100vw\" \/>\t\t\t\t\t\t\t\t\t\t\t<\/div>\n\t\t\t\t\t<div class=\"sow-image-grid-image\">\n\t\t\t\t\t\t\t\t\t\t\t\t<img loading=\"lazy\" decoding=\"async\" width=\"272\" height=\"182\" src=\"https:\/\/belpom.be\/wp2\/wp-content\/uploads\/2017\/03\/17309034_1375207169210813_3435541338125859297_n-1-272x182.jpg\" class=\"sow-image-grid-image_html\" alt=\"\" title=\"17309034_1375207169210813_3435541338125859297_n\" sizes=\"auto, 100vw\" \/>\t\t\t\t\t\t\t\t\t\t\t<\/div>\n\t\t\t\t\t<div class=\"sow-image-grid-image\">\n\t\t\t\t\t\t\t\t\t\t\t\t<img loading=\"lazy\" decoding=\"async\" width=\"272\" height=\"182\" src=\"https:\/\/belpom.be\/wp2\/wp-content\/uploads\/2017\/03\/bio-172200-2-272x182.jpg\" class=\"sow-image-grid-image_html\" alt=\"\" title=\"bio-172200\" srcset=\"https:\/\/belpom.be\/wp2\/wp-content\/uploads\/2017\/03\/bio-172200-2-272x182.jpg 272w, https:\/\/belpom.be\/wp2\/wp-content\/uploads\/2017\/03\/bio-172200-2-300x200.jpg 300w, https:\/\/belpom.be\/wp2\/wp-content\/uploads\/2017\/03\/bio-172200-2-768x512.jpg 768w\" sizes=\"auto, 100vw\" \/>\t\t\t\t\t\t\t\t\t\t\t<\/div>\n\t\t\t<\/div>\n<\/div><\/div><\/div><div id=\"pgc-12-0-2\"  class=\"panel-grid-cell panel-grid-cell-empty\" ><\/div><\/div><\/div><div id=\"pg-12-1\"  class=\"panel-grid panel-has-style\" ><div class=\"siteorigin-panels-stretch panel-row-style panel-row-style-for-12-1\" data-stretch-type=\"full-width-stretch\" ><div id=\"pgc-12-1-0\"  class=\"panel-grid-cell panel-grid-cell-empty\" ><\/div><div id=\"pgc-12-1-1\"  class=\"panel-grid-cell panel-grid-cell-mobile-last\" ><div id=\"panel-12-1-1-0\" class=\"so-panel widget widget_sow-headline panel-first-child\" data-index=\"3\" ><div class=\"panel-widget-style panel-widget-style-for-12-1-1-0\" ><div\n\t\t\t\n\t\t\tclass=\"so-widget-sow-headline so-widget-sow-headline-default-1262cfd34e4e-12 so-widget-fittext-wrapper\"\n\t\t\t data-fit-text-compressor=\"0.85\"\n\t\t><div class=\"sow-headline-container \">\n\t\t\t\t\t\t<div class=\"decoration\">\n\t\t\t\t\t\t<div class=\"decoration-inside\"><\/div>\n\t\t\t\t\t<\/div>\n\t\t\t\t\t\t\t\t\t\t\t<h1 class=\"sow-headline\">\n\t\t\t\t\t\tHistorique\t\t\t\t\t\t<\/h1>\n\t\t\t\t\t\t<\/div>\n<\/div><\/div><\/div><div id=\"panel-12-1-1-1\" class=\"so-panel widget widget_sow-editor panel-last-child\" data-index=\"4\" ><div class=\"panel-widget-style panel-widget-style-for-12-1-1-1\" ><div\n\t\t\t\n\t\t\tclass=\"so-widget-sow-editor so-widget-sow-editor-base\"\n\t\t\t\n\t\t>\n<div class=\"siteorigin-widget-tinymce textwidget\">\n\t<h4 style=\"text-align: justify;\"><span style=\"color: #ffffff;\"><strong>Cyril, Germain, Wim. Le grand-p\u00e8re, le p\u00e8re et le fils. Trois g\u00e9n\u00e9rations de Roels dans la pomme de terre. La famille est originaire de Courtrai. Ce n\u2019est pas un hasard. Le pays est connu pour \u00eatre le berceau de la culture du fameux tubercule en Belgique !<\/strong><\/span><\/h4>\n<h4 style=\"text-align: justify;\"><span style=\"color: #ffffff;\"><strong>Au d\u00e9part, les Roels ach\u00e8tent des pommes de terre (en Belgique, en France) et les revendent aupr\u00e8s de grossistes du pays et d\u2019ailleurs. Ils commercialisent aussi des produits phytosanitaires destin\u00e9s \u00e0 la culture de la pomme de terre.<\/strong><\/span><\/h4>\n<h4 style=\"text-align: justify;\"><span style=\"color: #ffffff;\"><strong>L\u2019arriv\u00e9e de Germain Roels \u00e0 li\u00e8ge date de1968. Il laisse alors l\u2019entreprise familiale \u00e0 son fr\u00e8re pour reprendre les affaires d\u2019un client li\u00e9geois : le grossiste Loyen.<\/strong><\/span><\/h4>\n<h4 style=\"text-align: justify;\"><span style=\"color: #ffffff;\"><strong>Dans son atelier de la rue Saint-L\u00e9onard, il innove et est le premier en 1971 \u00e0 \u00e9plucher des pommes de terre de mani\u00e8re industrielle.<\/strong><\/span><\/h4>\n<h4 style=\"text-align: justify;\"><span style=\"color: #ffffff;\"><strong>En 1975-1976, il quitte les installations trop exigu\u00ebs des d\u00e9buts pour 800 m\u00b2 de hangars qu\u2019il fait construire rue Pr\u00e9champs \u00e0 Barchon. Y seront progressivement install\u00e9es des cha\u00eenes d\u2019\u00e9pluchage, de triage, de lavage et de conditionnement. D\u2019acheteur et de conditionneur de pommes de terre, Roels est devenu pr\u00e9parateur, suivant en cela les exigences du march\u00e9.<\/strong><\/span><\/h4>\n<h4 style=\"text-align: justify;\"><span style=\"color: #ffffff;\"><strong>Wim rejoint son p\u00e8re et son fr\u00e8re en 1988, ann\u00e9e o\u00f9 l\u2019entreprise se constitue en soci\u00e9t\u00e9. De nouveaux investissements immobiliers sont consentis ; Roels dispose d\u00e9sormais \u00e0 Barchon d\u2019une surface b\u00e2tie de 3.500 m\u00b2.<\/strong><\/span><\/h4>\n<h4 style=\"text-align: justify;\"><span style=\"color: #ffffff;\"><strong>En 1994, Roels d\u00e9pose sa propre marque qualit\u00e9 &amp; saveur : \u00ab Bel\u2019pom \u00bb.<\/strong><\/span><\/h4>\n<h4 style=\"text-align: justify;\"><span style=\"color: #ffffff;\"><strong>La filiale Bel\u2019trans est constitu\u00e9e en 2001 pour assurer le transport des pommes de terre avant et apr\u00e8s transformation.<\/strong><\/span><\/h4>\n<\/div>\n<\/div><\/div><\/div><\/div><div id=\"pgc-12-1-2\"  class=\"panel-grid-cell panel-grid-cell-empty\" ><\/div><\/div><\/div><\/div>","protected":false},"excerpt":{"rendered":"<p>Install\u00e9e \u00e0 Barchon sur les hauteurs de Li\u00e8ge, notre soci\u00e9t\u00e9 et sa filiale Bel\u2019trans occupent une quinzaine de salari\u00e9s. L\u2019ensemble de nos activit\u00e9s concernent l\u2019achat, le conditionnement et la revente de pommes de terre, en Belgique et en Europe. Bel\u2019Pom est une entreprise familiale qui, au fil des ann\u00e9es, a contribu\u00e9 de mani\u00e8re implicite \u00e0 &hellip; <\/p>\n<p class=\"link-more\"><a href=\"https:\/\/belpom.be\/wp2\/belpom\/\" class=\"more-link\">Continuer la lecture<span class=\"screen-reader-text\"> de &laquo;&nbsp;Qui sommes-nous?&nbsp;&raquo;<\/span><\/a><\/p>\n","protected":false},"author":4,"featured_media":0,"parent":0,"menu_order":0,"comment_status":"closed","ping_status":"closed","template":"","meta":{"footnotes":""},"class_list":["post-12","page","type-page","status-publish","hentry"],"_links":{"self":[{"href":"https:\/\/belpom.be\/wp2\/wp-json\/wp\/v2\/pages\/12","targetHints":{"allow":["GET"]}}],"collection":[{"href":"https:\/\/belpom.be\/wp2\/wp-json\/wp\/v2\/pages"}],"about":[{"href":"https:\/\/belpom.be\/wp2\/wp-json\/wp\/v2\/types\/page"}],"author":[{"embeddable":true,"href":"https:\/\/belpom.be\/wp2\/wp-json\/wp\/v2\/users\/4"}],"replies":[{"embeddable":true,"href":"https:\/\/belpom.be\/wp2\/wp-json\/wp\/v2\/comments?post=12"}],"version-history":[{"count":77,"href":"https:\/\/belpom.be\/wp2\/wp-json\/wp\/v2\/pages\/12\/revisions"}],"predecessor-version":[{"id":1515,"href":"https:\/\/belpom.be\/wp2\/wp-json\/wp\/v2\/pages\/12\/revisions\/1515"}],"wp:attachment":[{"href":"https:\/\/belpom.be\/wp2\/wp-json\/wp\/v2\/media?parent=12"}],"curies":[{"name":"wp","href":"https:\/\/api.w.org\/{rel}","templated":true}]}}